{"id":54,"date":"2025-11-25T22:02:20","date_gmt":"2025-11-26T02:02:20","guid":{"rendered":"https:\/\/saudedorim.com.br\/?page_id=54"},"modified":"2025-11-25T22:02:23","modified_gmt":"2025-11-26T02:02:23","slug":"sobre-nos","status":"publish","type":"page","link":"https:\/\/saudedorim.com.br\/?page_id=54","title":{"rendered":"Sobre N\u00f3s"},"content":{"rendered":"\n<h2 class=\"wp-block-heading\" id=\"quem-somos-n\u00f3s\">Quem somos n\u00f3s?<a href=\"https:\/\/cabraleklein.sharepoint.com\/sites\/InstitutodeSadedoRimAlexandreCabral?spStartSource=spappbar#quem-somos-n%C3%B3s\"><\/a><\/h2>\n\n\n\n<p>O\u00a0Instituto de Sa\u00fade do Rim Alexandre Cabral\u00a0nasceu no ano de 2010 de um sonho: Realizar atendimento de sa\u00fade em nefrologia da melhor forma poss\u00edvel\u200b\u200b\u200b\u200b.<\/p>\n\n\n\n<p>Esse n\u00e3o \u00e9 um caminho f\u00e1cil! Para realizarmos esse sonho \u00e9 necess\u00e1rio trabalho \u00e1rduo: Precisamos nos aperfei\u00e7oar continuamente e nos tornarmos melhores a cada dia.\u00a0Precisamos\u00a0vencer preconceitos, mudar h\u00e1bitos e\u00a0estabelecer pr\u00e1ticas voltadas \u00e0 seguran\u00e7a do paciente e melhores desfechos cl\u00ednicos. Devemos levar adiante as fronteiras da pr\u00e1tica cl\u00ednica, desenvolvendo cada vez a cultura de qualidade na aten\u00e7\u00e3o \u00e0 sa\u00fade.<\/p>\n\n\n\n<p>Somos uma equipe de&nbsp;profissionais com&nbsp;origens e forma\u00e7\u00f5es bastante distintas, mas nossas atitudes devem seguir o mesmo princ\u00edpio: O aprimoramento cont\u00ednuo.<\/p>\n\n\n\n<h3 class=\"wp-block-heading\" id=\"\u200bnossa-vis\u00e3o\">\u00a0\u200bNossa vis\u00e3o:<a href=\"https:\/\/cabraleklein.sharepoint.com\/sites\/InstitutodeSadedoRimAlexandreCabral?spStartSource=spappbar#%E2%80%8Bnossa-vis%C3%A3o\"><\/a><\/h3>\n\n\n\n<p>\u200b\u200b\u200bSer refer\u00eancia em&nbsp;qualidade assistencial e cient\u00edfica&nbsp;em Sa\u00fade Renal no Brasil.<\/p>\n\n\n\n<h3 class=\"wp-block-heading\" id=\"noss\u200b\u200b\u200ba-miss\u00e3o\">Noss\u200b\u200b\u200ba miss\u00e3o:<a href=\"https:\/\/cabraleklein.sharepoint.com\/sites\/InstitutodeSadedoRimAlexandreCabral?spStartSource=spappbar#noss%E2%80%8B%E2%80%8B%E2%80%8Ba-miss%C3%A3o\"><\/a><\/h3>\n\n\n\n<p>Garantir acesso aos melhores tratamentos de Sa\u00fade Renal aos nossos pacientes.<\/p>\n\n\n\n<h3 class=\"wp-block-heading\" id=\"nossos\u200b\u200b-valores\">Nossos\u200b\u200b valores:<a href=\"https:\/\/cabraleklein.sharepoint.com\/sites\/InstitutodeSadedoRimAlexandreCabral?spStartSource=spappbar#nossos%E2%80%8B%E2%80%8B-valores\"><\/a><\/h3>\n\n\n\n<p>\u200bSeguran\u00e7a do paciente;<\/p>\n\n\n\n<p>Aperfei\u00e7oamento&nbsp;cont\u00ednuo&nbsp;de processos, gerando valor para pacientes, profissionais da equipe,&nbsp;fontes financiadoras e toda comunidade.<\/p>\n","protected":false},"excerpt":{"rendered":"<p>Quem somos n\u00f3s? O\u00a0Instituto de Sa\u00fade do Rim Alexandre Cabral\u00a0nasceu no ano de 2010 de um sonho: Realizar atendimento de sa\u00fade em nefrologia da melhor forma poss\u00edvel\u200b\u200b\u200b\u200b. Esse n\u00e3o \u00e9 um caminho f\u00e1cil! Para realizarmos esse sonho \u00e9 necess\u00e1rio trabalho \u00e1rduo: Precisamos nos aperfei\u00e7oar continuamente e nos tornarmos melhores a cada dia.\u00a0Precisamos\u00a0vencer preconceitos, mudar h\u00e1bitos [&hellip;]<\/p>\n","protected":false},"author":1,"featured_media":0,"parent":0,"menu_order":0,"comment_status":"closed","ping_status":"closed","template":"","meta":{"_coblocks_attr":"","_coblocks_dimensions":"","_coblocks_responsive_height":"","_coblocks_accordion_ie_support":"","hide_page_title":"","footnotes":""},"class_list":["post-54","page","type-page","status-publish","hentry"],"yoast_head":"<!-- This site is optimized with the Yoast SEO plugin v27.4 - https:\/\/yoast.com\/product\/yoast-seo-wordpress\/ -->\n<title>Sobre N\u00f3s - Instituto de Sa\u00fade do Rim Alexandre Cabral<\/title>\n<meta name=\"robots\" content=\"index, follow, max-snippet:-1, max-image-preview:large, max-video-preview:-1\" \/>\n<link rel=\"canonical\" href=\"https:\/\/saudedorim.com.br\/?page_id=54\" \/>\n<meta property=\"og:locale\" content=\"pt_BR\" \/>\n<meta property=\"og:type\" content=\"article\" \/>\n<meta property=\"og:title\" content=\"Sobre N\u00f3s - Instituto de Sa\u00fade do Rim Alexandre Cabral\" \/>\n<meta property=\"og:description\" content=\"Quem somos n\u00f3s? O\u00a0Instituto de Sa\u00fade do Rim Alexandre Cabral\u00a0nasceu no ano de 2010 de um sonho: Realizar atendimento de sa\u00fade em nefrologia da melhor forma poss\u00edvel\u200b\u200b\u200b\u200b. Esse n\u00e3o \u00e9 um caminho f\u00e1cil! Para realizarmos esse sonho \u00e9 necess\u00e1rio trabalho \u00e1rduo: Precisamos nos aperfei\u00e7oar continuamente e nos tornarmos melhores a cada dia.\u00a0Precisamos\u00a0vencer preconceitos, mudar h\u00e1bitos [&hellip;]\" \/>\n<meta property=\"og:url\" content=\"https:\/\/saudedorim.com.br\/?page_id=54\" \/>\n<meta property=\"og:site_name\" content=\"Instituto de Sa\u00fade do Rim Alexandre Cabral\" \/>\n<meta property=\"article:modified_time\" content=\"2025-11-26T02:02:23+00:00\" \/>\n<meta name=\"twitter:card\" content=\"summary_large_image\" \/>\n<meta name=\"twitter:label1\" content=\"Est. tempo de leitura\" \/>\n\t<meta name=\"twitter:data1\" content=\"1 minuto\" \/>\n<script type=\"application\/ld+json\" class=\"yoast-schema-graph\">{\"@context\":\"https:\\\/\\\/schema.org\",\"@graph\":[{\"@type\":\"WebPage\",\"@id\":\"https:\\\/\\\/saudedorim.com.br\\\/?page_id=54\",\"url\":\"https:\\\/\\\/saudedorim.com.br\\\/?page_id=54\",\"name\":\"Sobre N\u00f3s - Instituto de Sa\u00fade do Rim Alexandre Cabral\",\"isPartOf\":{\"@id\":\"https:\\\/\\\/saudedorim.com.br\\\/#website\"},\"datePublished\":\"2025-11-26T02:02:20+00:00\",\"dateModified\":\"2025-11-26T02:02:23+00:00\",\"breadcrumb\":{\"@id\":\"https:\\\/\\\/saudedorim.com.br\\\/?page_id=54#breadcrumb\"},\"inLanguage\":\"pt-BR\",\"potentialAction\":[{\"@type\":\"ReadAction\",\"target\":[\"https:\\\/\\\/saudedorim.com.br\\\/?page_id=54\"]}]},{\"@type\":\"BreadcrumbList\",\"@id\":\"https:\\\/\\\/saudedorim.com.br\\\/?page_id=54#breadcrumb\",\"itemListElement\":[{\"@type\":\"ListItem\",\"position\":1,\"name\":\"Home\",\"item\":\"https:\\\/\\\/saudedorim.com.br\\\/\"},{\"@type\":\"ListItem\",\"position\":2,\"name\":\"Sobre N\u00f3s\"}]},{\"@type\":\"WebSite\",\"@id\":\"https:\\\/\\\/saudedorim.com.br\\\/#website\",\"url\":\"https:\\\/\\\/saudedorim.com.br\\\/\",\"name\":\"Instituto de Sa\u00fade do Rim Alexandre Cabral\",\"description\":\"\",\"potentialAction\":[{\"@type\":\"SearchAction\",\"target\":{\"@type\":\"EntryPoint\",\"urlTemplate\":\"https:\\\/\\\/saudedorim.com.br\\\/?s={search_term_string}\"},\"query-input\":{\"@type\":\"PropertyValueSpecification\",\"valueRequired\":true,\"valueName\":\"search_term_string\"}}],\"inLanguage\":\"pt-BR\"}]}<\/script>\n<!-- \/ Yoast SEO plugin. -->","yoast_head_json":{"title":"Sobre N\u00f3s - Instituto de Sa\u00fade do Rim Alexandre Cabral","robots":{"index":"index","follow":"follow","max-snippet":"max-snippet:-1","max-image-preview":"max-image-preview:large","max-video-preview":"max-video-preview:-1"},"canonical":"https:\/\/saudedorim.com.br\/?page_id=54","og_locale":"pt_BR","og_type":"article","og_title":"Sobre N\u00f3s - Instituto de Sa\u00fade do Rim Alexandre Cabral","og_description":"Quem somos n\u00f3s? O\u00a0Instituto de Sa\u00fade do Rim Alexandre Cabral\u00a0nasceu no ano de 2010 de um sonho: Realizar atendimento de sa\u00fade em nefrologia da melhor forma poss\u00edvel\u200b\u200b\u200b\u200b. Esse n\u00e3o \u00e9 um caminho f\u00e1cil! Para realizarmos esse sonho \u00e9 necess\u00e1rio trabalho \u00e1rduo: Precisamos nos aperfei\u00e7oar continuamente e nos tornarmos melhores a cada dia.\u00a0Precisamos\u00a0vencer preconceitos, mudar h\u00e1bitos [&hellip;]","og_url":"https:\/\/saudedorim.com.br\/?page_id=54","og_site_name":"Instituto de Sa\u00fade do Rim Alexandre Cabral","article_modified_time":"2025-11-26T02:02:23+00:00","twitter_card":"summary_large_image","twitter_misc":{"Est. tempo de leitura":"1 minuto"},"schema":{"@context":"https:\/\/schema.org","@graph":[{"@type":"WebPage","@id":"https:\/\/saudedorim.com.br\/?page_id=54","url":"https:\/\/saudedorim.com.br\/?page_id=54","name":"Sobre N\u00f3s - Instituto de Sa\u00fade do Rim Alexandre Cabral","isPartOf":{"@id":"https:\/\/saudedorim.com.br\/#website"},"datePublished":"2025-11-26T02:02:20+00:00","dateModified":"2025-11-26T02:02:23+00:00","breadcrumb":{"@id":"https:\/\/saudedorim.com.br\/?page_id=54#breadcrumb"},"inLanguage":"pt-BR","potentialAction":[{"@type":"ReadAction","target":["https:\/\/saudedorim.com.br\/?page_id=54"]}]},{"@type":"BreadcrumbList","@id":"https:\/\/saudedorim.com.br\/?page_id=54#breadcrumb","itemListElement":[{"@type":"ListItem","position":1,"name":"Home","item":"https:\/\/saudedorim.com.br\/"},{"@type":"ListItem","position":2,"name":"Sobre N\u00f3s"}]},{"@type":"WebSite","@id":"https:\/\/saudedorim.com.br\/#website","url":"https:\/\/saudedorim.com.br\/","name":"Instituto de Sa\u00fade do Rim Alexandre Cabral","description":"","potentialAction":[{"@type":"SearchAction","target":{"@type":"EntryPoint","urlTemplate":"https:\/\/saudedorim.com.br\/?s={search_term_string}"},"query-input":{"@type":"PropertyValueSpecification","valueRequired":true,"valueName":"search_term_string"}}],"inLanguage":"pt-BR"}]}},"jetpack_sharing_enabled":true,"_links":{"self":[{"href":"https:\/\/saudedorim.com.br\/index.php?rest_route=\/wp\/v2\/pages\/54","targetHints":{"allow":["GET"]}}],"collection":[{"href":"https:\/\/saudedorim.com.br\/index.php?rest_route=\/wp\/v2\/pages"}],"about":[{"href":"https:\/\/saudedorim.com.br\/index.php?rest_route=\/wp\/v2\/types\/page"}],"author":[{"embeddable":true,"href":"https:\/\/saudedorim.com.br\/index.php?rest_route=\/wp\/v2\/users\/1"}],"replies":[{"embeddable":true,"href":"https:\/\/saudedorim.com.br\/index.php?rest_route=%2Fwp%2Fv2%2Fcomments&post=54"}],"version-history":[{"count":1,"href":"https:\/\/saudedorim.com.br\/index.php?rest_route=\/wp\/v2\/pages\/54\/revisions"}],"predecessor-version":[{"id":55,"href":"https:\/\/saudedorim.com.br\/index.php?rest_route=\/wp\/v2\/pages\/54\/revisions\/55"}],"wp:attachment":[{"href":"https:\/\/saudedorim.com.br\/index.php?rest_route=%2Fwp%2Fv2%2Fmedia&parent=54"}],"curies":[{"name":"wp","href":"https:\/\/api.w.org\/{rel}","templated":true}]}}